{"id":6761,"date":"2022-01-20T11:00:42","date_gmt":"2022-01-20T10:00:42","guid":{"rendered":"https:\/\/made-in-brand.com\/marketing-communications-strategy\/"},"modified":"2022-05-20T16:38:28","modified_gmt":"2022-05-20T14:38:28","slug":"marketing-communications-strategy","status":"publish","type":"page","link":"https:\/\/made-in-brand.com\/en\/marketing-communications-strategy\/","title":{"rendered":"Marketing &amp; communications strategy"},"content":{"rendered":"<p>[vc_row content_placement=&#8221;middle&#8221; simple_background_color=&#8221;#000000&#8243;][vc_column]\n\t\t\t<!-- START CONSEIL EN COMMUNICATION EN REVOLUTION SLIDER 6.2.23 --><p class=\"rs-p-wp-fix\"><\/p>\n\t\t\t<rs-module-wrap id=\"rev_slider_25_1_wrapper\" data-source=\"gallery\" style=\"background:transparent;padding:0;margin:0px auto;margin-top:0;margin-bottom:0;\">\n\t\t\t\t<rs-module id=\"rev_slider_25_1\" style=\"\" data-version=\"6.2.23\">\n\t\t\t\t\t<rs-slides>\n\t\t\t\t\t\t<rs-slide data-key=\"rs-26\" data-title=\"Slide\" data-ssop=\"true\" data-invisible=\"true\" data-anim=\"ei:d;eo:d;s:1000;r:0;t:fade;sl:0;\">\n\t\t\t\t\t\t\t<img data-recalc-dims=\"1\" loading=\"lazy\" decoding=\"async\" src=\"https:\/\/i0.wp.com\/made-in-brand.com\/wp-content\/uploads\/2022\/03\/banniere-home-page.jpg?resize=1100%2C330\" title=\"banniere home page\" width=\"1100\" height=\"330\" data-bg=\"p:50% 10%;f:92% 80%;\" class=\"rev-slidebg\" data-no-retina>\n<!--\n\t\t\t\t\t\t\t--><rs-layer\n\t\t\t\t\t\t\t\tid=\"slider-25-slide-26-layer-1\" \n\t\t\t\t\t\t\t\tdata-type=\"text\"\n\t\t\t\t\t\t\t\tdata-color=\"#fff\"\n\t\t\t\t\t\t\t\tdata-rsp_ch=\"on\"\n\t\t\t\t\t\t\t\tdata-xy=\"x:c;xo:24px;y:c;yo:-13px;\"\n\t\t\t\t\t\t\t\tdata-text=\"w:normal;s:30;l:90;ls:2px;fw:800;\"\n\t\t\t\t\t\t\t\tdata-dim=\"minh:0px;\"\n\t\t\t\t\t\t\t\tdata-frame_0=\"o:1;\"\n\t\t\t\t\t\t\t\tdata-frame_0_chars=\"o:0;rY:90deg;\"\n\t\t\t\t\t\t\t\tdata-frame_1=\"e:power4.inOut;sp:1500;\"\n\t\t\t\t\t\t\t\tdata-frame_1_chars=\"e:SFXBounceStrong;\"\n\t\t\t\t\t\t\t\tdata-frame_999=\"o:0;e:circ.inOut;st:w;\"\n\t\t\t\t\t\t\t\tstyle=\"z-index:8;font-family:Poppins;\"\n\t\t\t\t\t\t\t>COMMUNICATION ADVICE \n\t\t\t\t\t\t\t<\/rs-layer><!--\n-->\t\t\t\t\t\t<\/rs-slide>\n\t\t\t\t\t<\/rs-slides>\n\t\t\t\t<\/rs-module>\n\t\t\t\t<script type=\"text\/javascript\">\n\t\t\t\t\tsetREVStartSize({c: 'rev_slider_25_1',rl:[1240,1024,778,480],el:[550],gw:[1240],gh:[550],type:'standard',justify:'',layout:'fullwidth',mh:\"0\"});\n\t\t\t\t\tvar\trevapi25,\n\t\t\t\t\t\ttpj;\n\t\t\t\t\tfunction revinit_revslider251() {\n\t\t\t\t\tjQuery(function() {\n\t\t\t\t\t\ttpj = jQuery;\n\t\t\t\t\t\trevapi25 = tpj(\"#rev_slider_25_1\");\n\t\t\t\t\t\tif(revapi25==undefined || revapi25.revolution == undefined){\n\t\t\t\t\t\t\trevslider_showDoubleJqueryError(\"rev_slider_25_1\");\n\t\t\t\t\t\t}else{\n\t\t\t\t\t\t\trevapi25.revolution({\n\t\t\t\t\t\t\t\tsliderLayout:\"fullwidth\",\n\t\t\t\t\t\t\t\tduration:\"7000ms\",\n\t\t\t\t\t\t\t\tvisibilityLevels:\"1240,1024,778,480\",\n\t\t\t\t\t\t\t\tgridwidth:1240,\n\t\t\t\t\t\t\t\tgridheight:550,\n\t\t\t\t\t\t\t\tspinner:\"spinner7\",\n\t\t\t\t\t\t\t\tperspective:600,\n\t\t\t\t\t\t\t\tperspectiveType:\"global\",\n\t\t\t\t\t\t\t\teditorheight:\"550,768,960,720\",\n\t\t\t\t\t\t\t\tresponsiveLevels:\"1240,1024,778,480\",\n\t\t\t\t\t\t\t\tprogressBar:{disableProgressBar:true},\n\t\t\t\t\t\t\t\tcustomEases: {\n\t\t\t\t\t\t\t\t\tSFXBounceStrong:true\n\t\t\t\t\t\t\t\t},\n\t\t\t\t\t\t\t\tfallbacks: {\n\t\t\t\t\t\t\t\t\tallowHTML5AutoPlayOnAndroid:true\n\t\t\t\t\t\t\t\t},\n\t\t\t\t\t\t\t});\n\t\t\t\t\t\t}\n\t\t\t\t\t\t\n\t\t\t\t\t});\n\t\t\t\t\t} \/\/ End of RevInitScript\n\t\t\t\tvar once_revslider251 = false;\n\t\t\t\tif (document.readyState === \"loading\") {document.addEventListener('readystatechange',function() { if((document.readyState === \"interactive\" || document.readyState === \"complete\") && !once_revslider251 ) { once_revslider251 = true; revinit_revslider251();}});} else {once_revslider251 = true; revinit_revslider251();}\n\t\t\t\t<\/script>\n\t\t\t<\/rs-module-wrap>\n\t\t\t<!-- END REVOLUTION SLIDER -->\n[\/vc_column][\/vc_row][vc_row row_content_width=&#8221;grid&#8221; css=&#8221;.vc_custom_1642622972381{padding-top: 60px !important;}&#8221;][vc_column]<div class=\"edgtf-section-title-holder  \" style=\"text-align: center\">\n\t<div class=\"edgtf-st-inner\">\n\t\t\t\t\t\t\t<h1 class=\"edgtf-st-title\" >\n\t\t\t\tCOMMUNICATION ADVICE\t\t\t<\/h1>\n\t\t\t\t\t\t\t<\/div>\n<\/div>[vc_row_inner css=&#8221;.vc_custom_1642630849095{padding-top: 40px !important;}&#8221;][vc_column_inner width=&#8221;1\/2&#8243;][vc_column_text]Do you need top-of-the-line support for your communication strategy?<\/p>\n<p>Depending on your communication objectives (awareness or sales) our team will make a personalized diagnosis. We define together your action plan and choose the most relevant KPI for your business. The communication strategy is directly integrated in a global marketing reflection, in order to define precise communication objectives and actions.<\/p>\n<p><strong>The communication strategy<\/strong><\/p>\n<p>The design and implementation of a communication strategy is essential to the success and growth of your business.<\/p>\n<ul>\n<li>It allows you to have a clear message and line, and to put in place all the communication actions of your brand.<\/li>\n<li>The goal: to know what message to convey, where and how to spread it.<\/li>\n<\/ul>\n<p>[\/vc_column_text][\/vc_column_inner][vc_column_inner width=&#8221;1\/2&#8243;][vc_column_text]<strong>The key steps of the communication strategy :<\/strong><\/p>\n<ul>\n<li>Kick-off meeting and brainstorming<\/li>\n<li>Market analysis including the choice of a different, sustainable and competitive positioning<\/li>\n<li>Analysis of your communication supports and tools<\/li>\n<li>Definition of objectives &#8211; linked to the marketing strategy,<\/li>\n<li>Choice of target audience &#8211; identified, reachable and core<\/li>\n<li>Design of the communication axis and messages to be broadcasted, with creative axis, slogan, message and communication campaign<\/li>\n<li>Recommendations for online communication (website, social networks, video, blog, e-mailing, advertising.) and offline (events, print, press relations&#8230;)<\/li>\n<li>Communication plan: implementation of the field with retro planning of actions<\/li>\n<li>Finalization of the budget<\/li>\n<\/ul>\n<p><strong>Would you like to use our team for your branding?<\/strong><\/p>\n<p>Do not hesitate to contact us via our contact form![\/vc_column_text][\/vc_column_inner][\/vc_row_inner][\/vc_column][\/vc_row][vc_row el_class=&#8221;pack_hp&#8221; css=&#8221;.vc_custom_1642628807235{margin-top: 60px !important;margin-bottom: 60px !important;padding-top: 40px !important;padding-right: 5% !important;padding-bottom: 40px !important;padding-left: 5% !important;}&#8221;][vc_column][vc_column_text]<\/p>\n<h3 style=\"color: #fff; text-align: center; text-transform: capitalize; margin-bottom: 0px;\">NEED A PERSONALIZED COMMUNICATION STRATEGY?<\/h3>\n<p style=\"color: #fff; text-align: center; font-family: 'Angelface' !important; font-size: 32px; margin-top: 15px;\">Book the pack below<\/p>\n<p>[\/vc_column_text][vc_row_inner css=&#8221;.vc_custom_1642631313414{padding-top: 20px !important;}&#8221; el_id=&#8221;bann_suggestion&#8221;][vc_column_inner el_class=&#8221;bann_btn&#8221;]<div class=\"edgtf-banner-holder img_hp_col3 edgtf-visible-on-default edgtf-banner-info-centered\">\n    <div class=\"edgtf-banner-image\">\n        <img loading=\"lazy\" decoding=\"async\" width=\"800\" height=\"800\" src=\"https:\/\/i0.wp.com\/made-in-brand.com\/wp-content\/uploads\/2022\/04\/1-pack.jpg?fit=800%2C800&amp;ssl=1\" class=\"attachment-full size-full\" alt=\"\" srcset=\"https:\/\/i0.wp.com\/made-in-brand.com\/wp-content\/uploads\/2022\/04\/1-pack.jpg?w=800&amp;ssl=1 800w, https:\/\/i0.wp.com\/made-in-brand.com\/wp-content\/uploads\/2022\/04\/1-pack.jpg?resize=300%2C300&amp;ssl=1 300w, https:\/\/i0.wp.com\/made-in-brand.com\/wp-content\/uploads\/2022\/04\/1-pack.jpg?resize=150%2C150&amp;ssl=1 150w, https:\/\/i0.wp.com\/made-in-brand.com\/wp-content\/uploads\/2022\/04\/1-pack.jpg?resize=768%2C768&amp;ssl=1 768w, https:\/\/i0.wp.com\/made-in-brand.com\/wp-content\/uploads\/2022\/04\/1-pack.jpg?resize=400%2C400&amp;ssl=1 400w, https:\/\/i0.wp.com\/made-in-brand.com\/wp-content\/uploads\/2022\/04\/1-pack.jpg?resize=200%2C200&amp;ssl=1 200w, https:\/\/i0.wp.com\/made-in-brand.com\/wp-content\/uploads\/2022\/04\/1-pack.jpg?resize=650%2C650&amp;ssl=1 650w, https:\/\/i0.wp.com\/made-in-brand.com\/wp-content\/uploads\/2022\/04\/1-pack.jpg?resize=600%2C600&amp;ssl=1 600w, https:\/\/i0.wp.com\/made-in-brand.com\/wp-content\/uploads\/2022\/04\/1-pack.jpg?resize=100%2C100&amp;ssl=1 100w\" sizes=\"auto, (max-width: 800px) 100vw, 800px\" data-attachment-id=\"6136\" data-permalink=\"https:\/\/made-in-brand.com\/en\/made-in-brand\/1-pack\/\" data-orig-file=\"https:\/\/i0.wp.com\/made-in-brand.com\/wp-content\/uploads\/2022\/04\/1-pack.jpg?fit=800%2C800&amp;ssl=1\" data-orig-size=\"800,800\" data-comments-opened=\"1\" data-image-meta=\"{&quot;aperture&quot;:&quot;0&quot;,&quot;credit&quot;:&quot;&quot;,&quot;camera&quot;:&quot;&quot;,&quot;caption&quot;:&quot;&quot;,&quot;created_timestamp&quot;:&quot;0&quot;,&quot;copyright&quot;:&quot;&quot;,&quot;focal_length&quot;:&quot;0&quot;,&quot;iso&quot;:&quot;0&quot;,&quot;shutter_speed&quot;:&quot;0&quot;,&quot;title&quot;:&quot;&quot;,&quot;orientation&quot;:&quot;1&quot;}\" data-image-title=\"1 pack\" data-image-description=\"\" data-image-caption=\"\" data-medium-file=\"https:\/\/i0.wp.com\/made-in-brand.com\/wp-content\/uploads\/2022\/04\/1-pack.jpg?fit=300%2C300&amp;ssl=1\" data-large-file=\"https:\/\/i0.wp.com\/made-in-brand.com\/wp-content\/uploads\/2022\/04\/1-pack.jpg?fit=800%2C800&amp;ssl=1\" \/>    <\/div>\n    <div class=\"edgtf-banner-text-holder\" style=\"background-color: rgba(0,0,0,0.01)\">\n\t    <div class=\"edgtf-banner-text-outer\">\n\t\t    <div class=\"edgtf-banner-text-inner\">\n\t\t        \t\t            <h4 class=\"edgtf-banner-subtitle\" >\n\t\t\t            PACK STARTER\t\t            <\/h4>\n\t\t        \t\t        \t\t            <p class=\"edgtf-banner-title\" >\n\t\t                from 1600\u20ac\t                <\/p>\n\t\t        \t\t\t\t\t\t\t<\/div>\n\t\t<\/div>\n\t<\/div>\n\t<\/div><a itemprop=\"url\" href=\"https:\/\/made-in-brand.com\/en\/our-packages\/\" target=\"_self\"  class=\"edgtf-btn edgtf-btn-medium edgtf-btn-wired btn_img light\"  >\n\t<span class=\"edgtf-btn-background-holder\"><\/span>\n\t<span class=\"edgtf-btn-text\">read more<\/span>\n<\/a>[\/vc_column_inner][\/vc_row_inner][\/vc_column][\/vc_row][vc_row content_placement=&#8221;middle&#8221; row_content_width=&#8221;grid&#8221; css=&#8221;.vc_custom_1642624172790{padding-top: 60px !important;}&#8221;][vc_column width=&#8221;1\/3&#8243; el_class=&#8221;strategy_hp&#8221;][vc_single_image image=&#8221;5595&#8243; img_size=&#8221;full&#8221; alignment=&#8221;center&#8221;][vc_column_text]<\/p>\n<h3 style=\"text-align: center; font-size: 18px; margin-bottom: 0px;\">BRAND &amp; CREATION<br \/>\nSTRATEGY<\/h3>\n<details style=\"text-align: justify;\">\n<summary style=\"text-align: center; text-decoration: underline; color: #666;\">read more&#8230;<\/summary>\n<p style=\"text-align: center;\">Our team of Made in Brand experts will help you create your visual identity: logo research, graphic charter, media, images.<\/p>\n<p style=\"text-align: center;\">We remain convinced that the creation of a good logo is essential for the credibility of a company and its brand image. But also your positioning, the values of your company and the codes of your sector of activity.<\/p>\n<\/details>\n<p>[\/vc_column_text]<a itemprop=\"url\" href=\"https:\/\/made-in-brand.com\/en\/brand-strategy-and-creation\/\" target=\"_self\"  class=\"edgtf-btn edgtf-btn-medium edgtf-btn-wired light\"  >\n\t<span class=\"edgtf-btn-background-holder\"><\/span>\n\t<span class=\"edgtf-btn-text\">Discover<\/span>\n<\/a>[\/vc_column][vc_column width=&#8221;1\/3&#8243; el_class=&#8221;strategy_hp&#8221;][vc_single_image image=&#8221;5597&#8243; img_size=&#8221;full&#8221; alignment=&#8221;center&#8221;][vc_column_text]<\/p>\n<h3 style=\"text-align: center; font-size: 18px; margin-bottom: 0px;\">MARKETING &amp; COMMUNICATION<br \/>\nSTRATEGY<\/h3>\n<details style=\"text-align: justify;\">\n<summary style=\"text-align: center; text-decoration: underline; color: #666;\">read more&#8230;<\/summary>\n<p style=\"text-align: center;\">Depending on your objectives (awareness, generating more sales or building loyalty), we develop your communication strategy as a team. We define together your targets, your challenges, your communication objectives and your action plan to make your business take off.<\/p>\n<\/details>\n<p>[\/vc_column_text]<a itemprop=\"url\" href=\"https:\/\/made-in-brand.com\/en\/marketing-communications-strategy\/\" target=\"_self\"  class=\"edgtf-btn edgtf-btn-medium edgtf-btn-wired light\"  >\n\t<span class=\"edgtf-btn-background-holder\"><\/span>\n\t<span class=\"edgtf-btn-text\">Discover<\/span>\n<\/a>[\/vc_column][vc_column width=&#8221;1\/3&#8243; el_class=&#8221;strategy_hp&#8221;][vc_single_image image=&#8221;5599&#8243; img_size=&#8221;full&#8221; alignment=&#8221;center&#8221; el_class=&#8221;expertisemarge&#8221;][vc_column_text]<\/p>\n<h3 style=\"text-align: center; font-size: 18px; margin-bottom: 0px;\">BRAND &amp; CREATION<br \/>\nSTRATEGY<\/h3>\n<details style=\"text-align: justify;\">\n<summary style=\"text-align: center; text-decoration: underline; color: #666;\">read more&#8230;<\/summary>\n<p style=\"text-align: center;\">Our Made in Brand team supports you in the following areas:<br \/>\nWeb writing, copywriting, SEO strategy, social media management, Facebook Ads or Google Ads campaigns.<\/p>\n<\/details>\n<p>[\/vc_column_text]<a itemprop=\"url\" href=\"https:\/\/made-in-brand.com\/en\/the-digital-strategy\/\" target=\"_self\"  class=\"edgtf-btn edgtf-btn-medium edgtf-btn-wired light\"  >\n\t<span class=\"edgtf-btn-background-holder\"><\/span>\n\t<span class=\"edgtf-btn-text\">Discover<\/span>\n<\/a>[\/vc_column][\/vc_row][vc_row content_placement=&#8221;middle&#8221; row_content_width=&#8221;grid&#8221; css=&#8221;.vc_custom_1642624291088{padding-top: 40px !important;}&#8221;][vc_column width=&#8221;1\/3&#8243; el_class=&#8221;strategy_hp&#8221;][vc_single_image image=&#8221;5601&#8243; img_size=&#8221;full&#8221; alignment=&#8221;center&#8221;][vc_column_text]<\/p>\n<h3 style=\"text-align: center; font-size: 18px; margin-bottom: 0px;\">PRODUCTION<br \/>\nPHOTOS &amp; VIDEOS<\/h3>\n<details style=\"text-align: justify;\">\n<summary style=\"text-align: center; text-decoration: underline; color: #666;\">read more&#8230;<\/summary>\n<p style=\"text-align: center;\">Do you need photo and video content (advertisements, reports, video animations) for your company to stand out from the competition?<br \/>\nMade in Brand will put you in touch with quality partners.<\/p>\n<\/details>\n<p>[\/vc_column_text]<a itemprop=\"url\" href=\"https:\/\/made-in-brand.com\/en\/photo-and-video-production\/\" target=\"_self\"  class=\"edgtf-btn edgtf-btn-medium edgtf-btn-wired light\"  >\n\t<span class=\"edgtf-btn-background-holder\"><\/span>\n\t<span class=\"edgtf-btn-text\">Discover<\/span>\n<\/a>[\/vc_column][vc_column width=&#8221;1\/3&#8243; el_class=&#8221;strategy_hp&#8221;][vc_single_image image=&#8221;5603&#8243; img_size=&#8221;full&#8221; alignment=&#8221;center&#8221; el_class=&#8221;expertisemarge&#8221;][vc_column_text]<\/p>\n<h3 style=\"text-align: center; font-size: 18px; margin-bottom: 0px;\">MARKET<br \/>\nANALYSIS<\/h3>\n<details style=\"text-align: justify;\">\n<summary style=\"text-align: center; text-decoration: underline; color: #666;\">read more&#8230;<\/summary>\n<p style=\"text-align: center;\">We carry out comprehensive market research with trend and competition analysis. Nous sommes \u00e0 la recherche d&#8217;opportunit\u00e9s commerciales pour d\u00e9velopper votre activit\u00e9.<\/p>\n<\/details>\n<p>[\/vc_column_text]<a itemprop=\"url\" href=\"https:\/\/made-in-brand.com\/en\/market-analysis\/\" target=\"_self\"  class=\"edgtf-btn edgtf-btn-medium edgtf-btn-wired light\"  >\n\t<span class=\"edgtf-btn-background-holder\"><\/span>\n\t<span class=\"edgtf-btn-text\">Discover<\/span>\n<\/a>[\/vc_column][vc_column width=&#8221;1\/3&#8243; el_class=&#8221;strategy_hp&#8221;][vc_single_image image=&#8221;5605&#8243; img_size=&#8221;full&#8221; alignment=&#8221;center&#8221;][vc_column_text]<\/p>\n<h3 style=\"text-align: center; font-size: 18px; margin-bottom: 0px;\">COACHING &amp;<br \/>\nTRAINING<\/h3>\n<details style=\"text-align: justify;\">\n<summary style=\"text-align: center; text-decoration: underline; color: #666;\">read more&#8230;<\/summary>\n<p style=\"text-align: center;\">Would you like to learn the basics of a good communication strategy?<\/p>\n<p style=\"text-align: center;\">Do you want to set up levers yourself? Whatever your expectations and needs, we will support you in your development process.<\/p>\n<\/details>\n<p>[\/vc_column_text]<a itemprop=\"url\" href=\"https:\/\/made-in-brand.com\/en\/coaching-training\/\" target=\"_self\"  class=\"edgtf-btn edgtf-btn-medium edgtf-btn-wired light\"  >\n\t<span class=\"edgtf-btn-background-holder\"><\/span>\n\t<span class=\"edgtf-btn-text\">Discover<\/span>\n<\/a>[\/vc_column][\/vc_row]<\/p>\n","protected":false},"excerpt":{"rendered":"<p>[vc_row content_placement=&#8221;middle&#8221; simple_background_color=&#8221;#000000&#8243;][vc_column][\/vc_column][\/vc_row][vc_row row_content_width=&#8221;grid&#8221; css=&#8221;.vc_custom_1642622972381{padding-top: 60px !important;}&#8221;][vc_column][vc_row_inner css=&#8221;.vc_custom_1642630849095{padding-top: 40px !important;}&#8221;][vc_column_inner width=&#8221;1\/2&#8243;][vc_column_text]Do you need top-of-the-line support for your communication strategy? Depending on your communication objectives (awareness or sales) our team will make a personalized diagnosis. We define together your action plan and choose the most relevant KPI for your business. The communication strategy is directly integrated [&hellip;]<\/p>\n","protected":false},"author":214490988,"featured_media":0,"parent":0,"menu_order":0,"comment_status":"closed","ping_status":"closed","template":"full-width.php","meta":{"_coblocks_attr":"","_coblocks_dimensions":"","_coblocks_responsive_height":"","_coblocks_accordion_ie_support":"","_crdt_document":"","jetpack_post_was_ever_published":false,"footnotes":""},"class_list":["post-6761","page","type-page","status-publish","hentry"],"yoast_head":"<!-- This site is optimized with the Yoast SEO plugin v27.0 - https:\/\/yoast.com\/product\/yoast-seo-wordpress\/ -->\n<title>Marketing &amp; communications strategy - Made in Brand<\/title>\n<meta name=\"robots\" content=\"index, follow, max-snippet:-1, max-image-preview:large, max-video-preview:-1\" \/>\n<link rel=\"canonical\" href=\"https:\/\/made-in-brand.com\/en\/marketing-communications-strategy\/\" \/>\n<meta property=\"og:locale\" content=\"en_US\" \/>\n<meta property=\"og:type\" content=\"article\" \/>\n<meta property=\"og:title\" content=\"Marketing &amp; communications strategy - Made in Brand\" \/>\n<meta property=\"og:description\" content=\"[vc_row content_placement=&#8221;middle&#8221; simple_background_color=&#8221;#000000&#8243;][vc_column][\/vc_column][\/vc_row][vc_row row_content_width=&#8221;grid&#8221; css=&#8221;.vc_custom_1642622972381{padding-top: 60px !important;}&#8221;][vc_column][vc_row_inner css=&#8221;.vc_custom_1642630849095{padding-top: 40px !important;}&#8221;][vc_column_inner width=&#8221;1\/2&#8243;][vc_column_text]Do you need top-of-the-line support for your communication strategy? Depending on your communication objectives (awareness or sales) our team will make a personalized diagnosis. We define together your action plan and choose the most relevant KPI for your business. The communication strategy is directly integrated [&hellip;]\" \/>\n<meta property=\"og:url\" content=\"https:\/\/made-in-brand.com\/en\/marketing-communications-strategy\/\" \/>\n<meta property=\"og:site_name\" content=\"Made in Brand\" \/>\n<meta property=\"article:modified_time\" content=\"2022-05-20T14:38:28+00:00\" \/>\n<meta name=\"twitter:card\" content=\"summary_large_image\" \/>\n<meta name=\"twitter:label1\" content=\"Est. reading time\" \/>\n\t<meta name=\"twitter:data1\" content=\"4 minutes\" \/>\n<script type=\"application\/ld+json\" class=\"yoast-schema-graph\">{\"@context\":\"https:\/\/schema.org\",\"@graph\":[{\"@type\":\"WebPage\",\"@id\":\"https:\/\/made-in-brand.com\/en\/marketing-communications-strategy\/\",\"url\":\"https:\/\/made-in-brand.com\/en\/marketing-communications-strategy\/\",\"name\":\"Marketing &amp; communications strategy - Made in Brand\",\"isPartOf\":{\"@id\":\"https:\/\/made-in-brand.com\/en\/#website\"},\"datePublished\":\"2022-01-20T10:00:42+00:00\",\"dateModified\":\"2022-05-20T14:38:28+00:00\",\"breadcrumb\":{\"@id\":\"https:\/\/made-in-brand.com\/en\/marketing-communications-strategy\/#breadcrumb\"},\"inLanguage\":\"en-US\",\"potentialAction\":[{\"@type\":\"ReadAction\",\"target\":[\"https:\/\/made-in-brand.com\/en\/marketing-communications-strategy\/\"]}]},{\"@type\":\"BreadcrumbList\",\"@id\":\"https:\/\/made-in-brand.com\/en\/marketing-communications-strategy\/#breadcrumb\",\"itemListElement\":[{\"@type\":\"ListItem\",\"position\":1,\"name\":\"Accueil\",\"item\":\"https:\/\/made-in-brand.com\/en\/\"},{\"@type\":\"ListItem\",\"position\":2,\"name\":\"Marketing &amp; communications strategy\"}]},{\"@type\":\"WebSite\",\"@id\":\"https:\/\/made-in-brand.com\/en\/#website\",\"url\":\"https:\/\/made-in-brand.com\/en\/\",\"name\":\"Made in Brand\",\"description\":\"\",\"potentialAction\":[{\"@type\":\"SearchAction\",\"target\":{\"@type\":\"EntryPoint\",\"urlTemplate\":\"https:\/\/made-in-brand.com\/en\/?s={search_term_string}\"},\"query-input\":{\"@type\":\"PropertyValueSpecification\",\"valueRequired\":true,\"valueName\":\"search_term_string\"}}],\"inLanguage\":\"en-US\"}]}<\/script>\n<!-- \/ Yoast SEO plugin. -->","yoast_head_json":{"title":"Marketing &amp; communications strategy - Made in Brand","robots":{"index":"index","follow":"follow","max-snippet":"max-snippet:-1","max-image-preview":"max-image-preview:large","max-video-preview":"max-video-preview:-1"},"canonical":"https:\/\/made-in-brand.com\/en\/marketing-communications-strategy\/","og_locale":"en_US","og_type":"article","og_title":"Marketing &amp; communications strategy - Made in Brand","og_description":"[vc_row content_placement=&#8221;middle&#8221; simple_background_color=&#8221;#000000&#8243;][vc_column][\/vc_column][\/vc_row][vc_row row_content_width=&#8221;grid&#8221; css=&#8221;.vc_custom_1642622972381{padding-top: 60px !important;}&#8221;][vc_column][vc_row_inner css=&#8221;.vc_custom_1642630849095{padding-top: 40px !important;}&#8221;][vc_column_inner width=&#8221;1\/2&#8243;][vc_column_text]Do you need top-of-the-line support for your communication strategy? Depending on your communication objectives (awareness or sales) our team will make a personalized diagnosis. We define together your action plan and choose the most relevant KPI for your business. The communication strategy is directly integrated [&hellip;]","og_url":"https:\/\/made-in-brand.com\/en\/marketing-communications-strategy\/","og_site_name":"Made in Brand","article_modified_time":"2022-05-20T14:38:28+00:00","twitter_card":"summary_large_image","twitter_misc":{"Est. reading time":"4 minutes"},"schema":{"@context":"https:\/\/schema.org","@graph":[{"@type":"WebPage","@id":"https:\/\/made-in-brand.com\/en\/marketing-communications-strategy\/","url":"https:\/\/made-in-brand.com\/en\/marketing-communications-strategy\/","name":"Marketing &amp; communications strategy - Made in Brand","isPartOf":{"@id":"https:\/\/made-in-brand.com\/en\/#website"},"datePublished":"2022-01-20T10:00:42+00:00","dateModified":"2022-05-20T14:38:28+00:00","breadcrumb":{"@id":"https:\/\/made-in-brand.com\/en\/marketing-communications-strategy\/#breadcrumb"},"inLanguage":"en-US","potentialAction":[{"@type":"ReadAction","target":["https:\/\/made-in-brand.com\/en\/marketing-communications-strategy\/"]}]},{"@type":"BreadcrumbList","@id":"https:\/\/made-in-brand.com\/en\/marketing-communications-strategy\/#breadcrumb","itemListElement":[{"@type":"ListItem","position":1,"name":"Accueil","item":"https:\/\/made-in-brand.com\/en\/"},{"@type":"ListItem","position":2,"name":"Marketing &amp; communications strategy"}]},{"@type":"WebSite","@id":"https:\/\/made-in-brand.com\/en\/#website","url":"https:\/\/made-in-brand.com\/en\/","name":"Made in Brand","description":"","potentialAction":[{"@type":"SearchAction","target":{"@type":"EntryPoint","urlTemplate":"https:\/\/made-in-brand.com\/en\/?s={search_term_string}"},"query-input":{"@type":"PropertyValueSpecification","valueRequired":true,"valueName":"search_term_string"}}],"inLanguage":"en-US"}]}},"jetpack_likes_enabled":true,"jetpack_sharing_enabled":true,"jetpack_shortlink":"https:\/\/wp.me\/Pc5ZhR-1L3","amp_enabled":true,"_links":{"self":[{"href":"https:\/\/made-in-brand.com\/en\/wp-json\/wp\/v2\/pages\/6761","targetHints":{"allow":["GET"]}}],"collection":[{"href":"https:\/\/made-in-brand.com\/en\/wp-json\/wp\/v2\/pages"}],"about":[{"href":"https:\/\/made-in-brand.com\/en\/wp-json\/wp\/v2\/types\/page"}],"author":[{"embeddable":true,"href":"https:\/\/made-in-brand.com\/en\/wp-json\/wp\/v2\/users\/214490988"}],"replies":[{"embeddable":true,"href":"https:\/\/made-in-brand.com\/en\/wp-json\/wp\/v2\/comments?post=6761"}],"version-history":[{"count":0,"href":"https:\/\/made-in-brand.com\/en\/wp-json\/wp\/v2\/pages\/6761\/revisions"}],"wp:attachment":[{"href":"https:\/\/made-in-brand.com\/en\/wp-json\/wp\/v2\/media?parent=6761"}],"curies":[{"name":"wp","href":"https:\/\/api.w.org\/{rel}","templated":true}]}}