{"id":6821,"date":"2022-01-20T11:00:42","date_gmt":"2022-01-20T10:00:42","guid":{"rendered":"https:\/\/made-in-brand.com\/marketing-und-kommunikationsstrategie\/"},"modified":"2024-03-11T16:15:15","modified_gmt":"2024-03-11T15:15:15","slug":"marketing-und-kommunikationsstrategie","status":"publish","type":"page","link":"https:\/\/made-in-brand.com\/de\/marketing-und-kommunikationsstrategie\/","title":{"rendered":"Marketing- und Kommunikationsstrategie"},"content":{"rendered":"<p>[vc_row content_placement=&#8220;middle&#8220; simple_background_color=&#8220;#000000&#8243;][vc_column]\n\t\t\t<!-- START CONSEIL EN COMMUNICATION DE REVOLUTION SLIDER 6.2.23 --><p class=\"rs-p-wp-fix\"><\/p>\n\t\t\t<rs-module-wrap id=\"rev_slider_26_1_wrapper\" data-source=\"gallery\" style=\"background:transparent;padding:0;margin:0px auto;margin-top:0;margin-bottom:0;\">\n\t\t\t\t<rs-module id=\"rev_slider_26_1\" style=\"\" data-version=\"6.2.23\">\n\t\t\t\t\t<rs-slides>\n\t\t\t\t\t\t<rs-slide data-key=\"rs-27\" data-title=\"Slide\" data-ssop=\"true\" data-invisible=\"true\" data-anim=\"ei:d;eo:d;s:1000;r:0;t:fade;sl:0;\">\n\t\t\t\t\t\t\t<img data-recalc-dims=\"1\" loading=\"lazy\" decoding=\"async\" src=\"https:\/\/i0.wp.com\/made-in-brand.com\/wp-content\/uploads\/2022\/03\/banniere-home-page.jpg?resize=1100%2C330\" title=\"banniere home page\" width=\"1100\" height=\"330\" data-bg=\"p:50% 10%;f:92% 80%;\" class=\"rev-slidebg\" data-no-retina>\n<!--\n\t\t\t\t\t\t\t--><rs-layer\n\t\t\t\t\t\t\t\tid=\"slider-26-slide-27-layer-1\" \n\t\t\t\t\t\t\t\tdata-type=\"text\"\n\t\t\t\t\t\t\t\tdata-color=\"#fff\"\n\t\t\t\t\t\t\t\tdata-rsp_ch=\"on\"\n\t\t\t\t\t\t\t\tdata-xy=\"x:c;xo:24px;y:c;yo:-13px;\"\n\t\t\t\t\t\t\t\tdata-text=\"w:normal;s:30;l:90;ls:2px;fw:800;\"\n\t\t\t\t\t\t\t\tdata-dim=\"minh:0px;\"\n\t\t\t\t\t\t\t\tdata-frame_0=\"o:1;\"\n\t\t\t\t\t\t\t\tdata-frame_0_chars=\"o:0;rY:90deg;\"\n\t\t\t\t\t\t\t\tdata-frame_1=\"e:power4.inOut;sp:1500;\"\n\t\t\t\t\t\t\t\tdata-frame_1_chars=\"e:SFXBounceStrong;\"\n\t\t\t\t\t\t\t\tdata-frame_999=\"o:0;e:circ.inOut;st:w;\"\n\t\t\t\t\t\t\t\tstyle=\"z-index:8;font-family:Poppins;\"\n\t\t\t\t\t\t\t>MARKETING & KOMMUNIKATIONSTRATEGY \n\t\t\t\t\t\t\t<\/rs-layer><!--\n-->\t\t\t\t\t\t<\/rs-slide>\n\t\t\t\t\t<\/rs-slides>\n\t\t\t\t<\/rs-module>\n\t\t\t\t<script type=\"text\/javascript\">\n\t\t\t\t\tsetREVStartSize({c: 'rev_slider_26_1',rl:[1240,1024,778,480],el:[550],gw:[1240],gh:[550],type:'standard',justify:'',layout:'fullwidth',mh:\"0\"});\n\t\t\t\t\tvar\trevapi26,\n\t\t\t\t\t\ttpj;\n\t\t\t\t\tfunction revinit_revslider261() {\n\t\t\t\t\tjQuery(function() {\n\t\t\t\t\t\ttpj = jQuery;\n\t\t\t\t\t\trevapi26 = tpj(\"#rev_slider_26_1\");\n\t\t\t\t\t\tif(revapi26==undefined || revapi26.revolution == undefined){\n\t\t\t\t\t\t\trevslider_showDoubleJqueryError(\"rev_slider_26_1\");\n\t\t\t\t\t\t}else{\n\t\t\t\t\t\t\trevapi26.revolution({\n\t\t\t\t\t\t\t\tsliderLayout:\"fullwidth\",\n\t\t\t\t\t\t\t\tduration:\"7000ms\",\n\t\t\t\t\t\t\t\tvisibilityLevels:\"1240,1024,778,480\",\n\t\t\t\t\t\t\t\tgridwidth:1240,\n\t\t\t\t\t\t\t\tgridheight:550,\n\t\t\t\t\t\t\t\tspinner:\"spinner7\",\n\t\t\t\t\t\t\t\tperspective:600,\n\t\t\t\t\t\t\t\tperspectiveType:\"global\",\n\t\t\t\t\t\t\t\teditorheight:\"550,768,960,720\",\n\t\t\t\t\t\t\t\tresponsiveLevels:\"1240,1024,778,480\",\n\t\t\t\t\t\t\t\tprogressBar:{disableProgressBar:true},\n\t\t\t\t\t\t\t\tcustomEases: {\n\t\t\t\t\t\t\t\t\tSFXBounceStrong:true\n\t\t\t\t\t\t\t\t},\n\t\t\t\t\t\t\t\tfallbacks: {\n\t\t\t\t\t\t\t\t\tallowHTML5AutoPlayOnAndroid:true\n\t\t\t\t\t\t\t\t},\n\t\t\t\t\t\t\t});\n\t\t\t\t\t\t}\n\t\t\t\t\t\t\n\t\t\t\t\t});\n\t\t\t\t\t} \/\/ End of RevInitScript\n\t\t\t\tvar once_revslider261 = false;\n\t\t\t\tif (document.readyState === \"loading\") {document.addEventListener('readystatechange',function() { if((document.readyState === \"interactive\" || document.readyState === \"complete\") && !once_revslider261 ) { once_revslider261 = true; revinit_revslider261();}});} else {once_revslider261 = true; revinit_revslider261();}\n\t\t\t\t<\/script>\n\t\t\t<\/rs-module-wrap>\n\t\t\t<!-- END REVOLUTION SLIDER -->\n[\/vc_column][\/vc_row][vc_row row_content_width=&#8220;grid&#8220; css=&#8220;.vc_custom_1642622972381{padding-top: 60px !important;}&#8220;][vc_column]<div class=\"edgtf-section-title-holder  \" style=\"text-align: center\">\n\t<div class=\"edgtf-st-inner\">\n\t\t\t\t\t\t\t<h1 class=\"edgtf-st-title\" >\n\t\t\t\tKOMMUNIKATIONSBERATUNG\t\t\t<\/h1>\n\t\t\t\t\t\t\t<\/div>\n<\/div>[vc_row_inner css=&#8220;.vc_custom_1642630849095{padding-top: 40px !important;}&#8220;][vc_column_inner width=&#8220;1\/2&#8243;][vc_column_text]Sie brauchen eine erstklassige Unterst\u00fctzung f\u00fcr Ihre Kommunikationsstrategie?<\/p>\n<p>Je nach Ihren Kommunikationszielen (Bekanntheitsgrad oder Verkaufszahlen) wird unser Team eine individuelle Diagnose erstellen. Wir legen gemeinsam Ihren Aktionsplan fest und w\u00e4hlen die KPIs, die f\u00fcr Ihr Gesch\u00e4ft am relevantesten sind. Die Kommunikationsstrategie ist direkt in ein umfassendes Marketingkonzept eingebunden, um genaue Kommunikationsziele und -ma\u00dfnahmen festzulegen.<\/p>\n<p><strong>Die Kommunikationsstrategie<\/strong><\/p>\n<p>Die Entwicklung und Umsetzung einer Kommunikationsstrategie ist f\u00fcr den Erfolg und das Wachstum Ihres Gesch\u00e4fts von entscheidender Bedeutung.<\/p>\n<ul>\n<li>Sie sorgt f\u00fcr eine klare Botschaft und Linie und setzt alle Ma\u00dfnahmen zur Kommunikation Ihrer Marke um.<\/li>\n<li>Das Ziel: zu wissen, welche Botschaft zu vermitteln ist, wo und wie sie verbreitet werden soll.<\/li>\n<\/ul>\n<p>[\/vc_column_text][\/vc_column_inner][vc_column_inner width=&#8220;1\/2&#8243;][vc_column_text]<strong>Die Hauptphasen der Kommunikationsstrategie :<\/strong><\/p>\n<ul>\n<li>Starttreffen und Brainstorming<\/li>\n<li>Marktanalyse einschlie\u00dflich der Wahl einer anderen, nachhaltigen und wettbewerbsf\u00e4higen Wettbewerbspositionierung<\/li>\n<li>Analyse Ihrer Kommunikationsmaterialien und -werkzeuge<\/li>\n<li>Festlegung von Zielen &#8211; in Verbindung mit der Marketingstrategie,<\/li>\n<li>Auswahl des Zielpublikums &#8211; identifiziert, erreichbar und Kernzielgruppe<\/li>\n<li>Konzeption der Kommunikationsachse und der zu verbreitenden Botschaften, mit kreativer Achse, Slogan, Botschaft und Kommunikationskampagne<\/li>\n<li>Empfehlungen f\u00fcr die Online- (Website, soziale Netzwerke, Video, Blog, E-Mailing, Werbung.) und Offline-Kommunikation (Events, Print, Pressearbeit&#8230;)<\/li>\n<li>Kommunikationsplan: Feldumsetzung mit R\u00fcckw\u00e4rtsplanung der Aktionen<\/li>\n<li>Fertigstellung des Haushaltsplans<\/li>\n<\/ul>\n<p><strong>M\u00f6chten Sie unser Team f\u00fcr Ihre Markenstrategie einsetzen?<\/strong><\/p>\n<p>Z\u00f6gern Sie nicht, uns \u00fcber unser Kontaktformular zu kontaktieren![\/vc_column_text][\/vc_column_inner][\/vc_row_inner][\/vc_column][\/vc_row][vc_row el_class=&#8220;pack_hp&#8220; css=&#8220;.vc_custom_1642628807235{margin-top: 60px !important;margin-bottom: 60px !important;padding-top: 40px !important;padding-right: 5% !important;padding-bottom: 40px !important;padding-left: 5% !important;}&#8220;][vc_column][vc_column_text]<\/p>\n<h3 style=\"color: #fff; text-align: center; text-transform: capitalize; margin-bottom: 0px;\">BRAUCHEN SIE EINE INDIVIDUELLE KOMMUNIKATIONSSTRATEGIE?<\/h3>\n<p style=\"color: #fff; text-align: center; font-family: 'Angelface' !important; font-size: 32px; margin-top: 15px;\">Buchen Sie das untenstehende Paket<\/p>\n<p>[\/vc_column_text][vc_row_inner css=&#8220;.vc_custom_1642631313414{padding-top: 20px !important;}&#8220; el_id=&#8220;bann_suggestion&#8220;][vc_column_inner el_class=&#8220;bann_btn&#8220;]<div class=\"edgtf-banner-holder img_hp_col3 edgtf-visible-on-default edgtf-banner-info-centered\">\n    <div class=\"edgtf-banner-image\">\n        <img loading=\"lazy\" decoding=\"async\" width=\"800\" height=\"800\" src=\"https:\/\/i0.wp.com\/made-in-brand.com\/wp-content\/uploads\/2022\/04\/1-pack.jpg?fit=800%2C800&amp;ssl=1\" class=\"attachment-full size-full\" alt=\"\" srcset=\"https:\/\/i0.wp.com\/made-in-brand.com\/wp-content\/uploads\/2022\/04\/1-pack.jpg?w=800&amp;ssl=1 800w, https:\/\/i0.wp.com\/made-in-brand.com\/wp-content\/uploads\/2022\/04\/1-pack.jpg?resize=300%2C300&amp;ssl=1 300w, https:\/\/i0.wp.com\/made-in-brand.com\/wp-content\/uploads\/2022\/04\/1-pack.jpg?resize=150%2C150&amp;ssl=1 150w, https:\/\/i0.wp.com\/made-in-brand.com\/wp-content\/uploads\/2022\/04\/1-pack.jpg?resize=768%2C768&amp;ssl=1 768w, https:\/\/i0.wp.com\/made-in-brand.com\/wp-content\/uploads\/2022\/04\/1-pack.jpg?resize=400%2C400&amp;ssl=1 400w, https:\/\/i0.wp.com\/made-in-brand.com\/wp-content\/uploads\/2022\/04\/1-pack.jpg?resize=200%2C200&amp;ssl=1 200w, https:\/\/i0.wp.com\/made-in-brand.com\/wp-content\/uploads\/2022\/04\/1-pack.jpg?resize=650%2C650&amp;ssl=1 650w, https:\/\/i0.wp.com\/made-in-brand.com\/wp-content\/uploads\/2022\/04\/1-pack.jpg?resize=600%2C600&amp;ssl=1 600w, https:\/\/i0.wp.com\/made-in-brand.com\/wp-content\/uploads\/2022\/04\/1-pack.jpg?resize=100%2C100&amp;ssl=1 100w\" sizes=\"auto, (max-width: 800px) 100vw, 800px\" data-attachment-id=\"6136\" data-permalink=\"https:\/\/made-in-brand.com\/de\/made-in-brand\/1-pack\/\" data-orig-file=\"https:\/\/i0.wp.com\/made-in-brand.com\/wp-content\/uploads\/2022\/04\/1-pack.jpg?fit=800%2C800&amp;ssl=1\" data-orig-size=\"800,800\" data-comments-opened=\"1\" data-image-meta=\"{&quot;aperture&quot;:&quot;0&quot;,&quot;credit&quot;:&quot;&quot;,&quot;camera&quot;:&quot;&quot;,&quot;caption&quot;:&quot;&quot;,&quot;created_timestamp&quot;:&quot;0&quot;,&quot;copyright&quot;:&quot;&quot;,&quot;focal_length&quot;:&quot;0&quot;,&quot;iso&quot;:&quot;0&quot;,&quot;shutter_speed&quot;:&quot;0&quot;,&quot;title&quot;:&quot;&quot;,&quot;orientation&quot;:&quot;1&quot;}\" data-image-title=\"1 pack\" data-image-description=\"\" data-image-caption=\"\" data-large-file=\"https:\/\/i0.wp.com\/made-in-brand.com\/wp-content\/uploads\/2022\/04\/1-pack.jpg?fit=800%2C800&amp;ssl=1\" \/>    <\/div>\n    <div class=\"edgtf-banner-text-holder\" style=\"background-color: rgba(0,0,0,0.01)\">\n\t    <div class=\"edgtf-banner-text-outer\">\n\t\t    <div class=\"edgtf-banner-text-inner\">\n\t\t        \t\t            <h4 class=\"edgtf-banner-subtitle\" >\n\t\t\t            STARTER PLAN\t\t            <\/h4>\n\t\t        \t\t        \t\t            <p class=\"edgtf-banner-title\" >\n\t\t                ab 1600\u20ac\t                <\/p>\n\t\t        \t\t\t\t\t\t\t<\/div>\n\t\t<\/div>\n\t<\/div>\n\t<\/div><a itemprop=\"url\" href=\"https:\/\/made-in-brand.com\/de\/die-pakete\/\" target=\"_self\"  class=\"edgtf-btn edgtf-btn-medium edgtf-btn-wired btn_img light\"  >\n\t<span class=\"edgtf-btn-background-holder\"><\/span>\n\t<span class=\"edgtf-btn-text\">mehr +<\/span>\n<\/a>[\/vc_column_inner][\/vc_row_inner][\/vc_column][\/vc_row][vc_row content_placement=&#8220;middle&#8220; row_content_width=&#8220;grid&#8220; css=&#8220;.vc_custom_1642624172790{padding-top: 60px !important;}&#8220;][vc_column width=&#8220;1\/3&#8243; el_class=&#8220;strategy_hp&#8220;][vc_single_image image=&#8220;5596&#8243; img_size=&#8220;full&#8220; alignment=&#8220;center&#8220;][vc_column_text]<\/p>\n<h3 style=\"text-align: center; font-size: 18px; margin-bottom: 0px;\">MARKENSTRATEGIE<br \/>\nUND KREATION<\/h3>\n<details style=\"text-align: justify;\" open=\"open\">\n<summary style=\"text-align: center; text-decoration: underline; color: #666;\">Weiterlesen&#8230;<\/summary>\n<p style=\"text-align: center;\">Unser Team von Made in Brand-Experten unterst\u00fctzt Sie bei der Schaffung Ihrer visuellen Identit\u00e4t: Logoentwicklung, Grafiken, Materialien, Bilder.<\/p>\n<p style=\"text-align: center;\">Wir sind der \u00dcberzeugung, dass die Schaffung eines guten Logos f\u00fcr die Glaubw\u00fcrdigkeit Ihres Unternehmens und Ihres Markenimages von entscheidender Bedeutung ist.<\/p>\n<p style=\"text-align: center;\">Dies geschieht unter Ber\u00fccksichtigung Ihrer Positionierung, der Werte Ihres Unternehmens und der Codes Ihrer Branche.<\/p>\n<\/details>\n<p>[\/vc_column_text]<a itemprop=\"url\" href=\"https:\/\/made-in-brand.com\/de\/markenstrategie-und-kreation\/\" target=\"_self\"  class=\"edgtf-btn edgtf-btn-medium edgtf-btn-wired light\"  >\n\t<span class=\"edgtf-btn-background-holder\"><\/span>\n\t<span class=\"edgtf-btn-text\">Entdecken Sie<\/span>\n<\/a>[\/vc_column][vc_column width=&#8220;1\/3&#8243; el_class=&#8220;strategy_hp&#8220;][vc_single_image image=&#8220;5598&#8243; img_size=&#8220;full&#8220; alignment=&#8220;center&#8220;][vc_column_text]<\/p>\n<h3 style=\"text-align: center; font-size: 18px; margin-bottom: 0px;\">MARKETING- UND<br \/>\nKOMMUNIKATIONSSTRATEGIE<\/h3>\n<details style=\"text-align: justify;\" open=\"open\">\n<summary style=\"text-align: center; text-decoration: underline; color: #666;\">Weiterlesen&#8230;<\/summary>\n<p style=\"text-align: center;\">Je nach Ihren Zielen (Bewusstseinsbildung, Umsatzsteigerung oder Aufbau von Loyalit\u00e4t) entwickeln wir Ihre Kommunikationsstrategie als Team. Wir definieren gemeinsam Ihre Herausforderungen, Ihre Kommunikationsziele und Ihren Aktionsplan, um Ihr Gesch\u00e4ft zum Laufen zu bringen.<\/p>\n<\/details>\n<p>[\/vc_column_text]<a itemprop=\"url\" href=\"https:\/\/made-in-brand.com\/de\/marketing-und-kommunikationsstrategie\/\" target=\"_self\"  class=\"edgtf-btn edgtf-btn-medium edgtf-btn-wired light\"  >\n\t<span class=\"edgtf-btn-background-holder\"><\/span>\n\t<span class=\"edgtf-btn-text\">Entdecken Sie<\/span>\n<\/a>[\/vc_column][vc_column width=&#8220;1\/3&#8243; el_class=&#8220;strategy_hp&#8220;][vc_single_image image=&#8220;5600&#8243; img_size=&#8220;full&#8220; alignment=&#8220;center&#8220; el_class=&#8220;expertisemarge&#8220;][vc_column_text]<\/p>\n<h3 style=\"text-align: center; font-size: 18px; margin-bottom: 0px;\">DIGITALE<br \/>\nSTRATEGIE<\/h3>\n<details style=\"text-align: justify;\" open=\"open\">\n<summary style=\"text-align: center; text-decoration: underline; color: #666;\">Weiterlesen&#8230;<\/summary>\n<p style=\"text-align: center;\">Unser Made in Brand-Team unterst\u00fctzt Sie in den folgenden Bereichen:<br \/>\nWeb-Redaktion, Copywriting, SEO-Strategie, Verwaltung sozialer Netzwerke, Facebook Ads oder Google Ads Kampagnen.<\/p>\n<\/details>\n<p>[\/vc_column_text]<a itemprop=\"url\" href=\"https:\/\/made-in-brand.com\/de\/die-digitale-strategie\/\" target=\"_self\"  class=\"edgtf-btn edgtf-btn-medium edgtf-btn-wired light\"  >\n\t<span class=\"edgtf-btn-background-holder\"><\/span>\n\t<span class=\"edgtf-btn-text\">Entdecken Sie<\/span>\n<\/a>[\/vc_column][\/vc_row][vc_row content_placement=&#8220;middle&#8220; row_content_width=&#8220;grid&#8220; css=&#8220;.vc_custom_1642624291088{padding-top: 40px !important;}&#8220;][vc_column width=&#8220;1\/3&#8243; el_class=&#8220;strategy_hp&#8220;][vc_single_image image=&#8220;5602&#8243; img_size=&#8220;full&#8220; alignment=&#8220;center&#8220;][vc_column_text]<\/p>\n<h3 style=\"text-align: center; font-size: 18px; margin-bottom: 0px;\">FOTO- &amp;<br \/>\nVIDEOPRODUKTION<\/h3>\n<details style=\"text-align: justify;\" open=\"open\">\n<summary style=\"text-align: center; text-decoration: underline; color: #666;\">Weiterlesen&#8230;<\/summary>\n<p style=\"text-align: center;\">Sie ben\u00f6tigen Foto- und Videocontent (Werbung, Reportagen, Videoanimationen) f\u00fcr Ihr Unternehmen, um sich von der Konkurrenz abzuheben?<br \/>\nMade in Brand bringt Sie mit qualitativ hochwertigen Partnern zusammen.<\/p>\n<\/details>\n<p>[\/vc_column_text]<a itemprop=\"url\" href=\"https:\/\/made-in-brand.com\/de\/foto-und-videoproduktion\/\" target=\"_self\"  class=\"edgtf-btn edgtf-btn-medium edgtf-btn-wired light\"  >\n\t<span class=\"edgtf-btn-background-holder\"><\/span>\n\t<span class=\"edgtf-btn-text\">Entdecken Sie<\/span>\n<\/a>[\/vc_column][vc_column width=&#8220;1\/3&#8243; el_class=&#8220;strategy_hp&#8220;][vc_single_image image=&#8220;5604&#8243; img_size=&#8220;full&#8220; alignment=&#8220;center&#8220; el_class=&#8220;expertisemarge&#8220;][vc_column_text]<\/p>\n<h3 style=\"text-align: center; font-size: 18px; margin-bottom: 0px;\">MARKTANALYSE<br \/>\nFRANKREICH\/DEUTSCHLAND<\/h3>\n<details style=\"text-align: justify;\" open=\"open\">\n<summary style=\"text-align: center; text-decoration: underline; color: #666;\">Weiterlesen&#8230;<\/summary>\n<p style=\"text-align: center;\">Wir f\u00fchren umfassende Marktstudien mit Trend- und Wettbewerbsanalysen durch und suchen nach Gesch\u00e4ftsm\u00f6glichkeiten, um Ihr Unternehmen zu vergr\u00f6\u00dfern.<\/p>\n<\/details>\n<p>[\/vc_column_text]<a itemprop=\"url\" href=\"https:\/\/made-in-brand.com\/de\/marktanalyse\/\" target=\"_self\"  class=\"edgtf-btn edgtf-btn-medium edgtf-btn-wired light\"  >\n\t<span class=\"edgtf-btn-background-holder\"><\/span>\n\t<span class=\"edgtf-btn-text\">Entdecken Sie<\/span>\n<\/a>[\/vc_column][vc_column width=&#8220;1\/3&#8243; el_class=&#8220;strategy_hp&#8220;][vc_single_image image=&#8220;5606&#8243; img_size=&#8220;full&#8220; alignment=&#8220;center&#8220;][vc_column_text]<\/p>\n<h3 style=\"text-align: center; font-size: 18px; margin-bottom: 0px;\">COACHING &amp;<br \/>\nAUSBILDUNG<\/h3>\n<details style=\"text-align: justify;\" open=\"open\">\n<summary style=\"text-align: center; text-decoration: underline; color: #666;\">Weiterlesen..<\/summary>\n<p style=\"text-align: center;\">Sie m\u00f6chten die Grundlagen einer guten Kommunikationsstrategie erlernen? Sie m\u00f6chten selbst die richtigen Hebel in Bewegung setzen?<br \/>\nWas auch immer Ihre Erwartungen und Bed\u00fcrfnisse sind, wir werden Sie in Ihrem Entwicklungsprozess begleiten.<\/p>\n<\/details>\n<p>[\/vc_column_text]<a itemprop=\"url\" href=\"https:\/\/made-in-brand.com\/de\/coaching-training\/\" target=\"_self\"  class=\"edgtf-btn edgtf-btn-medium edgtf-btn-wired light\"  >\n\t<span class=\"edgtf-btn-background-holder\"><\/span>\n\t<span class=\"edgtf-btn-text\">Entdecken Sie<\/span>\n<\/a>[\/vc_column][\/vc_row]<\/p>\n","protected":false},"excerpt":{"rendered":"<p>[vc_row content_placement=&#8220;middle&#8220; simple_background_color=&#8220;#000000&#8243;][vc_column][\/vc_column][\/vc_row][vc_row row_content_width=&#8220;grid&#8220; css=&#8220;.vc_custom_1642622972381{padding-top: 60px !important;}&#8220;][vc_column][vc_row_inner css=&#8220;.vc_custom_1642630849095{padding-top: 40px !important;}&#8220;][vc_column_inner width=&#8220;1\/2&#8243;][vc_column_text]Sie brauchen eine erstklassige Unterst\u00fctzung f\u00fcr Ihre Kommunikationsstrategie? Je nach Ihren Kommunikationszielen (Bekanntheitsgrad oder Verkaufszahlen) wird unser Team eine individuelle Diagnose erstellen. Wir legen gemeinsam Ihren Aktionsplan fest und w\u00e4hlen die KPIs, die f\u00fcr Ihr Gesch\u00e4ft am relevantesten sind. Die Kommunikationsstrategie ist direkt in ein [&hellip;]<\/p>\n","protected":false},"author":214490988,"featured_media":0,"parent":0,"menu_order":0,"comment_status":"closed","ping_status":"closed","template":"full-width.php","meta":{"_coblocks_attr":"","_coblocks_dimensions":"","_coblocks_responsive_height":"","_coblocks_accordion_ie_support":"","_crdt_document":"","footnotes":""},"class_list":["post-6821","page","type-page","status-publish","hentry"],"yoast_head":"<!-- This site is optimized with the Yoast SEO plugin v27.4 - https:\/\/yoast.com\/product\/yoast-seo-wordpress\/ -->\n<title>Marketing- und Kommunikationsstrategie - Made in Brand<\/title>\n<meta name=\"robots\" content=\"index, follow, max-snippet:-1, max-image-preview:large, max-video-preview:-1\" \/>\n<link rel=\"canonical\" href=\"https:\/\/made-in-brand.com\/de\/marketing-und-kommunikationsstrategie\/\" \/>\n<meta property=\"og:locale\" content=\"de_DE\" \/>\n<meta property=\"og:type\" content=\"article\" \/>\n<meta property=\"og:title\" content=\"Marketing- und Kommunikationsstrategie - Made in Brand\" \/>\n<meta property=\"og:description\" content=\"[vc_row content_placement=&#8220;middle&#8220; simple_background_color=&#8220;#000000&#8243;][vc_column][\/vc_column][\/vc_row][vc_row row_content_width=&#8220;grid&#8220; css=&#8220;.vc_custom_1642622972381{padding-top: 60px !important;}&#8220;][vc_column][vc_row_inner css=&#8220;.vc_custom_1642630849095{padding-top: 40px !important;}&#8220;][vc_column_inner width=&#8220;1\/2&#8243;][vc_column_text]Sie brauchen eine erstklassige Unterst\u00fctzung f\u00fcr Ihre Kommunikationsstrategie? Je nach Ihren Kommunikationszielen (Bekanntheitsgrad oder Verkaufszahlen) wird unser Team eine individuelle Diagnose erstellen. Wir legen gemeinsam Ihren Aktionsplan fest und w\u00e4hlen die KPIs, die f\u00fcr Ihr Gesch\u00e4ft am relevantesten sind. Die Kommunikationsstrategie ist direkt in ein [&hellip;]\" \/>\n<meta property=\"og:url\" content=\"https:\/\/made-in-brand.com\/de\/marketing-und-kommunikationsstrategie\/\" \/>\n<meta property=\"og:site_name\" content=\"Made in Brand\" \/>\n<meta property=\"article:modified_time\" content=\"2024-03-11T15:15:15+00:00\" \/>\n<meta name=\"twitter:card\" content=\"summary_large_image\" \/>\n<meta name=\"twitter:label1\" content=\"Gesch\u00e4tzte Lesezeit\" \/>\n\t<meta name=\"twitter:data1\" content=\"3\u00a0Minuten\" \/>\n<script type=\"application\/ld+json\" class=\"yoast-schema-graph\">{\"@context\":\"https:\\\/\\\/schema.org\",\"@graph\":[{\"@type\":\"WebPage\",\"@id\":\"https:\\\/\\\/made-in-brand.com\\\/de\\\/marketing-und-kommunikationsstrategie\\\/\",\"url\":\"https:\\\/\\\/made-in-brand.com\\\/de\\\/marketing-und-kommunikationsstrategie\\\/\",\"name\":\"Marketing- und Kommunikationsstrategie - Made in Brand\",\"isPartOf\":{\"@id\":\"https:\\\/\\\/made-in-brand.com\\\/de\\\/#website\"},\"datePublished\":\"2022-01-20T10:00:42+00:00\",\"dateModified\":\"2024-03-11T15:15:15+00:00\",\"breadcrumb\":{\"@id\":\"https:\\\/\\\/made-in-brand.com\\\/de\\\/marketing-und-kommunikationsstrategie\\\/#breadcrumb\"},\"inLanguage\":\"de\",\"potentialAction\":[{\"@type\":\"ReadAction\",\"target\":[\"https:\\\/\\\/made-in-brand.com\\\/de\\\/marketing-und-kommunikationsstrategie\\\/\"]}]},{\"@type\":\"BreadcrumbList\",\"@id\":\"https:\\\/\\\/made-in-brand.com\\\/de\\\/marketing-und-kommunikationsstrategie\\\/#breadcrumb\",\"itemListElement\":[{\"@type\":\"ListItem\",\"position\":1,\"name\":\"Accueil\",\"item\":\"https:\\\/\\\/made-in-brand.com\\\/de\\\/\"},{\"@type\":\"ListItem\",\"position\":2,\"name\":\"Marketing- und Kommunikationsstrategie\"}]},{\"@type\":\"WebSite\",\"@id\":\"https:\\\/\\\/made-in-brand.com\\\/de\\\/#website\",\"url\":\"https:\\\/\\\/made-in-brand.com\\\/de\\\/\",\"name\":\"Made in Brand\",\"description\":\"\",\"potentialAction\":[{\"@type\":\"SearchAction\",\"target\":{\"@type\":\"EntryPoint\",\"urlTemplate\":\"https:\\\/\\\/made-in-brand.com\\\/de\\\/?s={search_term_string}\"},\"query-input\":{\"@type\":\"PropertyValueSpecification\",\"valueRequired\":true,\"valueName\":\"search_term_string\"}}],\"inLanguage\":\"de\"}]}<\/script>\n<!-- \/ Yoast SEO plugin. -->","yoast_head_json":{"title":"Marketing- und Kommunikationsstrategie - Made in Brand","robots":{"index":"index","follow":"follow","max-snippet":"max-snippet:-1","max-image-preview":"max-image-preview:large","max-video-preview":"max-video-preview:-1"},"canonical":"https:\/\/made-in-brand.com\/de\/marketing-und-kommunikationsstrategie\/","og_locale":"de_DE","og_type":"article","og_title":"Marketing- und Kommunikationsstrategie - Made in Brand","og_description":"[vc_row content_placement=&#8220;middle&#8220; simple_background_color=&#8220;#000000&#8243;][vc_column][\/vc_column][\/vc_row][vc_row row_content_width=&#8220;grid&#8220; css=&#8220;.vc_custom_1642622972381{padding-top: 60px !important;}&#8220;][vc_column][vc_row_inner css=&#8220;.vc_custom_1642630849095{padding-top: 40px !important;}&#8220;][vc_column_inner width=&#8220;1\/2&#8243;][vc_column_text]Sie brauchen eine erstklassige Unterst\u00fctzung f\u00fcr Ihre Kommunikationsstrategie? Je nach Ihren Kommunikationszielen (Bekanntheitsgrad oder Verkaufszahlen) wird unser Team eine individuelle Diagnose erstellen. Wir legen gemeinsam Ihren Aktionsplan fest und w\u00e4hlen die KPIs, die f\u00fcr Ihr Gesch\u00e4ft am relevantesten sind. Die Kommunikationsstrategie ist direkt in ein [&hellip;]","og_url":"https:\/\/made-in-brand.com\/de\/marketing-und-kommunikationsstrategie\/","og_site_name":"Made in Brand","article_modified_time":"2024-03-11T15:15:15+00:00","twitter_card":"summary_large_image","twitter_misc":{"Gesch\u00e4tzte Lesezeit":"3\u00a0Minuten"},"schema":{"@context":"https:\/\/schema.org","@graph":[{"@type":"WebPage","@id":"https:\/\/made-in-brand.com\/de\/marketing-und-kommunikationsstrategie\/","url":"https:\/\/made-in-brand.com\/de\/marketing-und-kommunikationsstrategie\/","name":"Marketing- und Kommunikationsstrategie - Made in Brand","isPartOf":{"@id":"https:\/\/made-in-brand.com\/de\/#website"},"datePublished":"2022-01-20T10:00:42+00:00","dateModified":"2024-03-11T15:15:15+00:00","breadcrumb":{"@id":"https:\/\/made-in-brand.com\/de\/marketing-und-kommunikationsstrategie\/#breadcrumb"},"inLanguage":"de","potentialAction":[{"@type":"ReadAction","target":["https:\/\/made-in-brand.com\/de\/marketing-und-kommunikationsstrategie\/"]}]},{"@type":"BreadcrumbList","@id":"https:\/\/made-in-brand.com\/de\/marketing-und-kommunikationsstrategie\/#breadcrumb","itemListElement":[{"@type":"ListItem","position":1,"name":"Accueil","item":"https:\/\/made-in-brand.com\/de\/"},{"@type":"ListItem","position":2,"name":"Marketing- und Kommunikationsstrategie"}]},{"@type":"WebSite","@id":"https:\/\/made-in-brand.com\/de\/#website","url":"https:\/\/made-in-brand.com\/de\/","name":"Made in Brand","description":"","potentialAction":[{"@type":"SearchAction","target":{"@type":"EntryPoint","urlTemplate":"https:\/\/made-in-brand.com\/de\/?s={search_term_string}"},"query-input":{"@type":"PropertyValueSpecification","valueRequired":true,"valueName":"search_term_string"}}],"inLanguage":"de"}]}},"jetpack_likes_enabled":true,"jetpack_sharing_enabled":true,"jetpack_shortlink":"https:\/\/wp.me\/Pc5ZhR-1M1","amp_enabled":true,"_links":{"self":[{"href":"https:\/\/made-in-brand.com\/de\/wp-json\/wp\/v2\/pages\/6821","targetHints":{"allow":["GET"]}}],"collection":[{"href":"https:\/\/made-in-brand.com\/de\/wp-json\/wp\/v2\/pages"}],"about":[{"href":"https:\/\/made-in-brand.com\/de\/wp-json\/wp\/v2\/types\/page"}],"author":[{"embeddable":true,"href":"https:\/\/made-in-brand.com\/de\/wp-json\/wp\/v2\/users\/214490988"}],"replies":[{"embeddable":true,"href":"https:\/\/made-in-brand.com\/de\/wp-json\/wp\/v2\/comments?post=6821"}],"version-history":[{"count":0,"href":"https:\/\/made-in-brand.com\/de\/wp-json\/wp\/v2\/pages\/6821\/revisions"}],"wp:attachment":[{"href":"https:\/\/made-in-brand.com\/de\/wp-json\/wp\/v2\/media?parent=6821"}],"curies":[{"name":"wp","href":"https:\/\/api.w.org\/{rel}","templated":true}]}}