{"id":6636,"date":"2022-01-25T17:05:22","date_gmt":"2022-01-25T16:05:22","guid":{"rendered":"https:\/\/made-in-brand.com\/kontakte\/"},"modified":"2022-05-08T20:13:18","modified_gmt":"2022-05-08T18:13:18","slug":"kontakte","status":"publish","type":"page","link":"https:\/\/made-in-brand.com\/de\/kontakte\/","title":{"rendered":"Kontakte"},"content":{"rendered":"<p>[vc_row][vc_column]<div class=\"edgtf-elements-holder   edgtf-one-column  edgtf-responsive-mode-768 \" ><div class=\"edgtf-eh-item    \"  data-item-class=\"edgtf-eh-custom-5511\" data-769-1024=\"70px 70px 0px\" data-681-768=\"70px 70px 0px\" data-680=\"30px 30px 0px\">\n\t<div class=\"edgtf-eh-item-inner\">\n\t\t<div class=\"edgtf-eh-item-content edgtf-eh-custom-5511\" style=\"padding: 0 70px\">\n\t\t\t[rev_slider_vc alias=&#8220;contact-slider&#8220; enable_paspartu=&#8220;no&#8220;]\t\t<\/div>\n\t<\/div>\n<\/div><\/div>[vc_row_inner css=&#8220;.vc_custom_1650883790373{margin-top: 40px !important;}&#8220;][vc_column_inner]<div class=\"edgtf-section-title-holder  \" style=\"text-align: center\">\n\t<div class=\"edgtf-st-inner\">\n\t\t\t\t\t\t\t<h2 class=\"edgtf-st-title\" style=\"color: #000000\">\n\t\t\t\tKontakte\t\t\t<\/h2>\n\t\t\t\t\t\t\t<\/div>\n<\/div>[\/vc_column_inner][\/vc_row_inner][\/vc_column][\/vc_row][vc_row row_content_width=&#8220;grid&#8220; css=&#8220;.vc_custom_1642510298948{padding-top: 30px !important;padding-bottom: 0px !important;}&#8220;][vc_column][vc_column_text]<\/p>\n<p style=\"text-align: center; margin-top: 0; margin-bottom: 0; font-family: 'Angelface' !important; font-size: 32px;\">Lassen Sie uns bei einem kostenlosen Audit miteinander sprechen!<\/p>\n<p>&nbsp;<\/p>\n<p>&nbsp;<\/p>\n<p style=\"text-align: center;\">Kontaktieren Sie unser Team, um sich \u00fcber Ihr Projekt auszutauschen.<\/p>\n<p style=\"text-align: center;\">Bei diesem ersten Treffen werden wir \u00fcber Ihre aktuellen Herausforderungen sprechen und eine erste kostenlose Pr\u00fcfung Ihrer Kommunikationsstrategie durchf\u00fchren.<\/p>\n<p>[\/vc_column_text][vc_row_inner gap=&#8220;35&#8243; row_content_width=&#8220;grid&#8220; css=&#8220;.vc_custom_1643126852727{margin-top: 60px !important;}&#8220;][vc_column_inner width=&#8220;1\/2&#8243;][vc_column_text]<\/p>\n<p style=\"font-family: 'Neutra Text Bold Alt' !important; letter-spacing: 1px !important; color: #8006ea; text-align: center;\">EIN UNTERNEHMEN<br \/>\nWER BRAUCHT EINEN ANSTOSS?<\/p>\n<p>[\/vc_column_text]\n<div class=\"wpcf7 no-js\" id=\"wpcf7-f7137-o1\" lang=\"de-DE\" dir=\"ltr\" data-wpcf7-id=\"7137\">\n<div class=\"screen-reader-response\"><p role=\"status\" aria-live=\"polite\" aria-atomic=\"true\"><\/p> <ul><\/ul><\/div>\n<form action=\"\/de\/wp-json\/wp\/v2\/pages\/6636#wpcf7-f7137-o1\" method=\"post\" class=\"wpcf7-form init\" aria-label=\"Kontaktformular\" novalidate=\"novalidate\" data-status=\"init\">\n<fieldset class=\"hidden-fields-container\"><input type=\"hidden\" name=\"_wpcf7\" value=\"7137\" \/><input type=\"hidden\" name=\"_wpcf7_version\" value=\"6.1.5\" \/><input type=\"hidden\" name=\"_wpcf7_locale\" value=\"de_DE\" \/><input type=\"hidden\" name=\"_wpcf7_unit_tag\" value=\"wpcf7-f7137-o1\" \/><input type=\"hidden\" name=\"_wpcf7_container_post\" value=\"0\" \/><input type=\"hidden\" name=\"_wpcf7_posted_data_hash\" value=\"\" \/>\n<\/fieldset>\n<p><label> Name<br \/>\n<span class=\"wpcf7-form-control-wrap\" data-name=\"your-name\"><input size=\"40\" maxlength=\"400\" class=\"wpcf7-form-control wpcf7-text wpcf7-validates-as-required\" aria-required=\"true\" aria-invalid=\"false\" value=\"\" type=\"text\" name=\"your-name\" \/><\/span> <\/label>\n<\/p>\n<p><label>Email<br \/>\n<span class=\"wpcf7-form-control-wrap\" data-name=\"your-email\"><input size=\"40\" maxlength=\"400\" class=\"wpcf7-form-control wpcf7-email wpcf7-validates-as-required wpcf7-text wpcf7-validates-as-email\" aria-required=\"true\" aria-invalid=\"false\" value=\"\" type=\"email\" name=\"your-email\" \/><\/span> <\/label>\n<\/p>\n<p><label>Telefon<br \/>\n<span class=\"wpcf7-form-control-wrap\" data-name=\"tel-333\"><input size=\"40\" maxlength=\"400\" class=\"wpcf7-form-control wpcf7-tel wpcf7-text wpcf7-validates-as-tel\" aria-invalid=\"false\" value=\"\" type=\"tel\" name=\"tel-333\" \/><\/span><br \/>\n<\/label>\n<\/p>\n<p><label>Ihre Business-Website<br \/>\n<span class=\"wpcf7-form-control-wrap\" data-name=\"text-380\"><input size=\"40\" maxlength=\"400\" class=\"wpcf7-form-control wpcf7-text\" aria-invalid=\"false\" value=\"\" type=\"text\" name=\"text-380\" \/><\/span><br \/>\n<\/label>\n<\/p>\n<p><label> Nachricht<br \/>\n<span class=\"wpcf7-form-control-wrap\" data-name=\"your-message\"><textarea cols=\"40\" rows=\"10\" maxlength=\"2000\" class=\"wpcf7-form-control wpcf7-textarea wpcf7-validates-as-required\" aria-required=\"true\" aria-invalid=\"false\" name=\"your-message\"><\/textarea><\/span> <\/label>\n<\/p>\n<p><input class=\"wpcf7-form-control wpcf7-submit has-spinner\" type=\"submit\" value=\"Envoyer\" \/><br \/>\n<div id=\"cf7sr-69ef1dcdd022b\" class=\"cf7sr-g-recaptcha\" data-theme=\"light\" data-type=\"image\" data-size=\"normal\" data-sitekey=\"6LcF9SQmAAAAACHolrn57ByFFygcO3axvBhvizqa\"><\/div><span class=\"wpcf7-form-control-wrap cf7sr-recaptcha\" data-name=\"cf7sr-recaptcha\"><input type=\"hidden\" name=\"cf7sr-recaptcha\" value=\"\" class=\"wpcf7-form-control\"><\/span>\n<\/p><p style=\"display: none !important;\" class=\"akismet-fields-container\" data-prefix=\"_wpcf7_ak_\"><label>&#916;<textarea name=\"_wpcf7_ak_hp_textarea\" cols=\"45\" rows=\"8\" maxlength=\"100\"><\/textarea><\/label><input type=\"hidden\" id=\"ak_js_1\" name=\"_wpcf7_ak_js\" value=\"54\"\/><script type=\"text\/javascript\">\n\/* <![CDATA[ *\/\ndocument.getElementById( \"ak_js_1\" ).setAttribute( \"value\", ( new Date() ).getTime() );\n\/* ]]> *\/\n<\/script>\n<\/p><div class=\"wpcf7-response-output\" aria-hidden=\"true\"><\/div>\n<\/form>\n<\/div>\n[\/vc_column_inner][vc_column_inner width=&#8220;1\/2&#8243;][vc_column_text]<\/p>\n<p style=\"font-family: 'Neutra Text Bold Alt' !important; letter-spacing: 1px !important; color: #8006ea; text-align: center;\">EIN FREELANCE<br \/>\nFUN WER M\u00d6CHTE SICH DEM ABENTEUER ANSCHLIESSEN?<\/p>\n<p>[\/vc_column_text]\n<div class=\"wpcf7 no-js\" id=\"wpcf7-f7132-o2\" lang=\"de-DE\" dir=\"ltr\" data-wpcf7-id=\"7132\">\n<div class=\"screen-reader-response\"><p role=\"status\" aria-live=\"polite\" aria-atomic=\"true\"><\/p> <ul><\/ul><\/div>\n<form action=\"\/de\/wp-json\/wp\/v2\/pages\/6636#wpcf7-f7132-o2\" method=\"post\" class=\"wpcf7-form init\" aria-label=\"Kontaktformular\" novalidate=\"novalidate\" data-status=\"init\">\n<fieldset class=\"hidden-fields-container\"><input type=\"hidden\" name=\"_wpcf7\" value=\"7132\" \/><input type=\"hidden\" name=\"_wpcf7_version\" value=\"6.1.5\" \/><input type=\"hidden\" name=\"_wpcf7_locale\" value=\"de_DE\" \/><input type=\"hidden\" name=\"_wpcf7_unit_tag\" value=\"wpcf7-f7132-o2\" \/><input type=\"hidden\" name=\"_wpcf7_container_post\" value=\"0\" \/><input type=\"hidden\" name=\"_wpcf7_posted_data_hash\" value=\"\" \/>\n<\/fieldset>\n<p><label> Name<br \/>\n<span class=\"wpcf7-form-control-wrap\" data-name=\"your-name\"><input size=\"40\" maxlength=\"400\" class=\"wpcf7-form-control wpcf7-text wpcf7-validates-as-required\" aria-required=\"true\" aria-invalid=\"false\" value=\"\" type=\"text\" name=\"your-name\" \/><\/span> <\/label>\n<\/p>\n<p><label>Email<br \/>\n<span class=\"wpcf7-form-control-wrap\" data-name=\"your-email\"><input size=\"40\" maxlength=\"400\" class=\"wpcf7-form-control wpcf7-email wpcf7-validates-as-required wpcf7-text wpcf7-validates-as-email\" aria-required=\"true\" aria-invalid=\"false\" value=\"\" type=\"email\" name=\"your-email\" \/><\/span> <\/label>\n<\/p>\n<p><label>Telefon<br \/>\n<span class=\"wpcf7-form-control-wrap\" data-name=\"tel-333\"><input size=\"40\" maxlength=\"400\" class=\"wpcf7-form-control wpcf7-tel wpcf7-text wpcf7-validates-as-tel\" aria-invalid=\"false\" value=\"\" type=\"tel\" name=\"tel-333\" \/><\/span><br \/>\n<\/label>\n<\/p>\n<p><label>Ihre Business-Website<br \/>\n<span class=\"wpcf7-form-control-wrap\" data-name=\"text-380\"><input size=\"40\" maxlength=\"400\" class=\"wpcf7-form-control wpcf7-text\" aria-invalid=\"false\" value=\"\" type=\"text\" name=\"text-380\" \/><\/span><br \/>\n<\/label>\n<\/p>\n<p><label> Nachricht<br \/>\n<span class=\"wpcf7-form-control-wrap\" data-name=\"your-message\"><textarea cols=\"40\" rows=\"10\" maxlength=\"2000\" class=\"wpcf7-form-control wpcf7-textarea wpcf7-validates-as-required\" aria-required=\"true\" aria-invalid=\"false\" name=\"your-message\"><\/textarea><\/span> <\/label>\n<\/p>\n<p><input class=\"wpcf7-form-control wpcf7-submit has-spinner\" type=\"submit\" value=\"Envoyer\" \/><br \/>\n<div id=\"cf7sr-69ef1dcdd0bb7\" class=\"cf7sr-g-recaptcha\" data-theme=\"light\" data-type=\"image\" data-size=\"normal\" data-sitekey=\"6LcF9SQmAAAAACHolrn57ByFFygcO3axvBhvizqa\"><\/div><span class=\"wpcf7-form-control-wrap cf7sr-recaptcha\" data-name=\"cf7sr-recaptcha\"><input type=\"hidden\" name=\"cf7sr-recaptcha\" value=\"\" class=\"wpcf7-form-control\"><\/span>\n<\/p><p style=\"display: none !important;\" class=\"akismet-fields-container\" data-prefix=\"_wpcf7_ak_\"><label>&#916;<textarea name=\"_wpcf7_ak_hp_textarea\" cols=\"45\" rows=\"8\" maxlength=\"100\"><\/textarea><\/label><input type=\"hidden\" id=\"ak_js_2\" name=\"_wpcf7_ak_js\" value=\"125\"\/><script type=\"text\/javascript\">\n\/* <![CDATA[ *\/\ndocument.getElementById( \"ak_js_2\" ).setAttribute( \"value\", ( new Date() ).getTime() );\n\/* ]]> *\/\n<\/script>\n<\/p><div class=\"wpcf7-response-output\" aria-hidden=\"true\"><\/div>\n<\/form>\n<\/div>\n[\/vc_column_inner][\/vc_row_inner][\/vc_column][\/vc_row][vc_row css=&#8220;.vc_custom_1648547859596{margin-top: 30px !important;margin-right: 20% !important;margin-left: 20% !important;}&#8220;][vc_column]<div class=\"edgtf-testimonials-holder clearfix \">\n    <div class=\"edgtf-testimonials edgtf-owl-slider\" data-enable-loop=\"yes\" data-enable-autoplay=\"yes\" data-slider-speed=\"5000\" data-slider-speed-animation=\"600\" data-enable-navigation=\"yes\">\n\n    Sorry, no posts matched your criteria.\n    <\/div>\n<\/div>[\/vc_column][\/vc_row][vc_row css=&#8220;.vc_custom_1648548017280{margin-top: 30px !important;}&#8220;][vc_column]<div class=\"edgtf-section-title-holder  \" style=\"text-align: center\">\n\t<div class=\"edgtf-st-inner\">\n\t\t\t\t\t\t\t<h2 class=\"edgtf-st-title\" style=\"color: #000000\">\n\t\t\t\tSIE VERTRAUEN UNS\t\t\t<\/h2>\n\t\t\t\t\t\t\t\t\t<p class=\"edgtf-st-text\" >\n\t\t\t\tWir sind stolz darauf, Ihnen unsere Kunden vorzustellen\t\t\t<\/p>\n\t\t\t<\/div>\n<\/div>[\/vc_column][\/vc_row][vc_row row_content_width=&#8220;grid&#8220; css=&#8220;.vc_custom_1648548557040{margin-top: 30px !important;}&#8220;][vc_column]<div class=\"edgtf-clients-carousel-holder \">\n\t<div class=\"edgtf-cc-inner edgtf-owl-slider\" data-number-of-items=\"6\" data-enable-loop=\"yes\" data-enable-autoplay=\"yes\" data-slider-speed=\"5000\" data-slider-speed-animation=\"600\" data-enable-navigation=\"no\" data-enable-pagination=\"no\">\n\t\t<div class=\"edgtf-cc-item edgtf-item-space edgtf-cci-no-link\">\n\t\t\t\t\t\t<img decoding=\"async\" itemprop=\"image\" class=\"edgtf-cc-image\" src=\"https:\/\/i0.wp.com\/made-in-brand.com\/wp-content\/uploads\/2022\/03\/blanc.jpg?fit=195%2C195&#038;ssl=1\" alt=\"\" \/>\n\t\t\t<\/div><div class=\"edgtf-cc-item edgtf-item-space edgtf-cci-no-link\">\n\t\t\t\t\t\t<img decoding=\"async\" itemprop=\"image\" class=\"edgtf-cc-image\" src=\"https:\/\/i0.wp.com\/made-in-brand.com\/wp-content\/uploads\/2022\/03\/bm-noir.jpg?fit=284%2C284&#038;ssl=1\" alt=\"\" \/>\n\t\t\t<\/div><div class=\"edgtf-cc-item edgtf-item-space edgtf-cci-no-link\">\n\t\t\t\t\t\t<img decoding=\"async\" itemprop=\"image\" class=\"edgtf-cc-image\" src=\"https:\/\/i0.wp.com\/made-in-brand.com\/wp-content\/uploads\/2022\/03\/elo-noir.jpg?fit=195%2C195&#038;ssl=1\" alt=\"\" \/>\n\t\t\t<\/div><div class=\"edgtf-cc-item edgtf-item-space edgtf-cci-no-link\">\n\t\t\t\t\t\t<img decoding=\"async\" itemprop=\"image\" class=\"edgtf-cc-image\" src=\"https:\/\/i0.wp.com\/made-in-brand.com\/wp-content\/uploads\/2022\/03\/finclair-noir.jpg?fit=195%2C195&#038;ssl=1\" alt=\"\" \/>\n\t\t\t<\/div><div class=\"edgtf-cc-item edgtf-item-space edgtf-cci-no-link\">\n\t\t\t\t\t\t<img decoding=\"async\" itemprop=\"image\" class=\"edgtf-cc-image\" src=\"https:\/\/i0.wp.com\/made-in-brand.com\/wp-content\/uploads\/2022\/03\/mashk-noir.jpg?fit=195%2C195&#038;ssl=1\" alt=\"\" \/>\n\t\t\t<\/div><div class=\"edgtf-cc-item edgtf-item-space edgtf-cci-no-link\">\n\t\t\t\t\t\t<img decoding=\"async\" itemprop=\"image\" class=\"edgtf-cc-image\" src=\"https:\/\/i0.wp.com\/made-in-brand.com\/wp-content\/uploads\/2022\/03\/my-body-moon-noir.jpg?fit=195%2C195&#038;ssl=1\" alt=\"\" \/>\n\t\t\t<\/div><div class=\"edgtf-cc-item edgtf-item-space edgtf-cci-no-link\">\n\t\t\t\t\t\t<img decoding=\"async\" itemprop=\"image\" class=\"edgtf-cc-image\" src=\"https:\/\/i0.wp.com\/made-in-brand.com\/wp-content\/uploads\/2022\/03\/safe-world-peace-noir.jpg?fit=195%2C195&#038;ssl=1\" alt=\"\" \/>\n\t\t\t<\/div><div class=\"edgtf-cc-item edgtf-item-space edgtf-cci-no-link\">\n\t\t\t\t\t\t<img decoding=\"async\" itemprop=\"image\" class=\"edgtf-cc-image\" src=\"https:\/\/i0.wp.com\/made-in-brand.com\/wp-content\/uploads\/2022\/03\/yoga-noir.jpg?fit=284%2C284&#038;ssl=1\" alt=\"\" \/>\n\t\t\t<\/div>\t<\/div>\n<\/div>[\/vc_column][\/vc_row]<\/p>\n","protected":false},"excerpt":{"rendered":"<p>[vc_row][vc_column][vc_row_inner css=&#8220;.vc_custom_1650883790373{margin-top: 40px !important;}&#8220;][vc_column_inner][\/vc_column_inner][\/vc_row_inner][\/vc_column][\/vc_row][vc_row row_content_width=&#8220;grid&#8220; css=&#8220;.vc_custom_1642510298948{padding-top: 30px !important;padding-bottom: 0px !important;}&#8220;][vc_column][vc_column_text] Lassen Sie uns bei einem kostenlosen Audit miteinander sprechen! &nbsp; &nbsp; Kontaktieren Sie unser Team, um sich \u00fcber Ihr Projekt auszutauschen. Bei diesem ersten Treffen werden wir \u00fcber Ihre aktuellen Herausforderungen sprechen und eine erste kostenlose Pr\u00fcfung Ihrer Kommunikationsstrategie durchf\u00fchren. [\/vc_column_text][vc_row_inner gap=&#8220;35&#8243; row_content_width=&#8220;grid&#8220; css=&#8220;.vc_custom_1643126852727{margin-top: 60px [&hellip;]<\/p>\n","protected":false},"author":214490988,"featured_media":0,"parent":0,"menu_order":0,"comment_status":"closed","ping_status":"closed","template":"full-width.php","meta":{"_coblocks_attr":"","_coblocks_dimensions":"","_coblocks_responsive_height":"","_coblocks_accordion_ie_support":"","_crdt_document":"","footnotes":""},"class_list":["post-6636","page","type-page","status-publish","hentry"],"yoast_head":"<!-- This site is optimized with the Yoast SEO plugin v27.4 - https:\/\/yoast.com\/product\/yoast-seo-wordpress\/ -->\n<title>Kontakte - Made in Brand<\/title>\n<meta name=\"robots\" content=\"index, follow, max-snippet:-1, max-image-preview:large, max-video-preview:-1\" \/>\n<link rel=\"canonical\" href=\"https:\/\/made-in-brand.com\/de\/kontakte\/\" \/>\n<meta property=\"og:locale\" content=\"de_DE\" \/>\n<meta property=\"og:type\" content=\"article\" \/>\n<meta property=\"og:title\" content=\"Kontakte - Made in Brand\" \/>\n<meta property=\"og:description\" content=\"[vc_row][vc_column][vc_row_inner css=&#8220;.vc_custom_1650883790373{margin-top: 40px !important;}&#8220;][vc_column_inner][\/vc_column_inner][\/vc_row_inner][\/vc_column][\/vc_row][vc_row row_content_width=&#8220;grid&#8220; css=&#8220;.vc_custom_1642510298948{padding-top: 30px !important;padding-bottom: 0px !important;}&#8220;][vc_column][vc_column_text] Lassen Sie uns bei einem kostenlosen Audit miteinander sprechen! &nbsp; &nbsp; Kontaktieren Sie unser Team, um sich \u00fcber Ihr Projekt auszutauschen. Bei diesem ersten Treffen werden wir \u00fcber Ihre aktuellen Herausforderungen sprechen und eine erste kostenlose Pr\u00fcfung Ihrer Kommunikationsstrategie durchf\u00fchren. [\/vc_column_text][vc_row_inner gap=&#8220;35&#8243; row_content_width=&#8220;grid&#8220; css=&#8220;.vc_custom_1643126852727{margin-top: 60px [&hellip;]\" \/>\n<meta property=\"og:url\" content=\"https:\/\/made-in-brand.com\/de\/kontakte\/\" \/>\n<meta property=\"og:site_name\" content=\"Made in Brand\" \/>\n<meta property=\"article:modified_time\" content=\"2022-05-08T18:13:18+00:00\" \/>\n<meta name=\"twitter:card\" content=\"summary_large_image\" \/>\n<meta name=\"twitter:label1\" content=\"Gesch\u00e4tzte Lesezeit\" \/>\n\t<meta name=\"twitter:data1\" content=\"2\u00a0Minuten\" \/>\n<script type=\"application\/ld+json\" class=\"yoast-schema-graph\">{\"@context\":\"https:\\\/\\\/schema.org\",\"@graph\":[{\"@type\":\"WebPage\",\"@id\":\"https:\\\/\\\/made-in-brand.com\\\/de\\\/kontakte\\\/\",\"url\":\"https:\\\/\\\/made-in-brand.com\\\/de\\\/kontakte\\\/\",\"name\":\"Kontakte - Made in Brand\",\"isPartOf\":{\"@id\":\"https:\\\/\\\/made-in-brand.com\\\/de\\\/#website\"},\"datePublished\":\"2022-01-25T16:05:22+00:00\",\"dateModified\":\"2022-05-08T18:13:18+00:00\",\"breadcrumb\":{\"@id\":\"https:\\\/\\\/made-in-brand.com\\\/de\\\/kontakte\\\/#breadcrumb\"},\"inLanguage\":\"de\",\"potentialAction\":[{\"@type\":\"ReadAction\",\"target\":[\"https:\\\/\\\/made-in-brand.com\\\/de\\\/kontakte\\\/\"]}]},{\"@type\":\"BreadcrumbList\",\"@id\":\"https:\\\/\\\/made-in-brand.com\\\/de\\\/kontakte\\\/#breadcrumb\",\"itemListElement\":[{\"@type\":\"ListItem\",\"position\":1,\"name\":\"Accueil\",\"item\":\"https:\\\/\\\/made-in-brand.com\\\/de\\\/\"},{\"@type\":\"ListItem\",\"position\":2,\"name\":\"Kontakte\"}]},{\"@type\":\"WebSite\",\"@id\":\"https:\\\/\\\/made-in-brand.com\\\/de\\\/#website\",\"url\":\"https:\\\/\\\/made-in-brand.com\\\/de\\\/\",\"name\":\"Made in Brand\",\"description\":\"\",\"potentialAction\":[{\"@type\":\"SearchAction\",\"target\":{\"@type\":\"EntryPoint\",\"urlTemplate\":\"https:\\\/\\\/made-in-brand.com\\\/de\\\/?s={search_term_string}\"},\"query-input\":{\"@type\":\"PropertyValueSpecification\",\"valueRequired\":true,\"valueName\":\"search_term_string\"}}],\"inLanguage\":\"de\"}]}<\/script>\n<!-- \/ Yoast SEO plugin. -->","yoast_head_json":{"title":"Kontakte - Made in Brand","robots":{"index":"index","follow":"follow","max-snippet":"max-snippet:-1","max-image-preview":"max-image-preview:large","max-video-preview":"max-video-preview:-1"},"canonical":"https:\/\/made-in-brand.com\/de\/kontakte\/","og_locale":"de_DE","og_type":"article","og_title":"Kontakte - Made in Brand","og_description":"[vc_row][vc_column][vc_row_inner css=&#8220;.vc_custom_1650883790373{margin-top: 40px !important;}&#8220;][vc_column_inner][\/vc_column_inner][\/vc_row_inner][\/vc_column][\/vc_row][vc_row row_content_width=&#8220;grid&#8220; css=&#8220;.vc_custom_1642510298948{padding-top: 30px !important;padding-bottom: 0px !important;}&#8220;][vc_column][vc_column_text] Lassen Sie uns bei einem kostenlosen Audit miteinander sprechen! &nbsp; &nbsp; Kontaktieren Sie unser Team, um sich \u00fcber Ihr Projekt auszutauschen. Bei diesem ersten Treffen werden wir \u00fcber Ihre aktuellen Herausforderungen sprechen und eine erste kostenlose Pr\u00fcfung Ihrer Kommunikationsstrategie durchf\u00fchren. [\/vc_column_text][vc_row_inner gap=&#8220;35&#8243; row_content_width=&#8220;grid&#8220; css=&#8220;.vc_custom_1643126852727{margin-top: 60px [&hellip;]","og_url":"https:\/\/made-in-brand.com\/de\/kontakte\/","og_site_name":"Made in Brand","article_modified_time":"2022-05-08T18:13:18+00:00","twitter_card":"summary_large_image","twitter_misc":{"Gesch\u00e4tzte Lesezeit":"2\u00a0Minuten"},"schema":{"@context":"https:\/\/schema.org","@graph":[{"@type":"WebPage","@id":"https:\/\/made-in-brand.com\/de\/kontakte\/","url":"https:\/\/made-in-brand.com\/de\/kontakte\/","name":"Kontakte - Made in Brand","isPartOf":{"@id":"https:\/\/made-in-brand.com\/de\/#website"},"datePublished":"2022-01-25T16:05:22+00:00","dateModified":"2022-05-08T18:13:18+00:00","breadcrumb":{"@id":"https:\/\/made-in-brand.com\/de\/kontakte\/#breadcrumb"},"inLanguage":"de","potentialAction":[{"@type":"ReadAction","target":["https:\/\/made-in-brand.com\/de\/kontakte\/"]}]},{"@type":"BreadcrumbList","@id":"https:\/\/made-in-brand.com\/de\/kontakte\/#breadcrumb","itemListElement":[{"@type":"ListItem","position":1,"name":"Accueil","item":"https:\/\/made-in-brand.com\/de\/"},{"@type":"ListItem","position":2,"name":"Kontakte"}]},{"@type":"WebSite","@id":"https:\/\/made-in-brand.com\/de\/#website","url":"https:\/\/made-in-brand.com\/de\/","name":"Made in Brand","description":"","potentialAction":[{"@type":"SearchAction","target":{"@type":"EntryPoint","urlTemplate":"https:\/\/made-in-brand.com\/de\/?s={search_term_string}"},"query-input":{"@type":"PropertyValueSpecification","valueRequired":true,"valueName":"search_term_string"}}],"inLanguage":"de"}]}},"jetpack_likes_enabled":true,"jetpack_sharing_enabled":true,"jetpack_shortlink":"https:\/\/wp.me\/Pc5ZhR-1J2","amp_enabled":true,"_links":{"self":[{"href":"https:\/\/made-in-brand.com\/de\/wp-json\/wp\/v2\/pages\/6636","targetHints":{"allow":["GET"]}}],"collection":[{"href":"https:\/\/made-in-brand.com\/de\/wp-json\/wp\/v2\/pages"}],"about":[{"href":"https:\/\/made-in-brand.com\/de\/wp-json\/wp\/v2\/types\/page"}],"author":[{"embeddable":true,"href":"https:\/\/made-in-brand.com\/de\/wp-json\/wp\/v2\/users\/214490988"}],"replies":[{"embeddable":true,"href":"https:\/\/made-in-brand.com\/de\/wp-json\/wp\/v2\/comments?post=6636"}],"version-history":[{"count":0,"href":"https:\/\/made-in-brand.com\/de\/wp-json\/wp\/v2\/pages\/6636\/revisions"}],"wp:attachment":[{"href":"https:\/\/made-in-brand.com\/de\/wp-json\/wp\/v2\/media?parent=6636"}],"curies":[{"name":"wp","href":"https:\/\/api.w.org\/{rel}","templated":true}]}}